{"id":7746,"date":"2024-10-27T13:13:40","date_gmt":"2024-10-27T17:13:40","guid":{"rendered":"https:\/\/www.ciapr.org\/el-colegio\/related-associations\/"},"modified":"2025-04-28T19:28:05","modified_gmt":"2025-04-28T23:28:05","slug":"related-associations","status":"publish","type":"page","link":"https:\/\/www.ciapr.org\/en\/el-colegio\/related-associations\/","title":{"rendered":"Related Associations"},"content":{"rendered":"<div class=\"wpb-content-wrapper\">[vc_section full_width=&#8221;stretch_row&#8221; css=&#8221;.vc_custom_1730227683399{padding-bottom: 40px !important;}&#8221;][vc_row full_width=&#8221;stretch_row&#8221; equal_height=&#8221;yes&#8221; el_class=&#8221;icon-boxes-row asoc-rel&#8221;][vc_column width=&#8221;1\/3&#8243;][vc_column_text css=&#8221;&#8221; el_class=&#8221;svg style-svg icon-boxes&#8221;]<a href=\"https:\/\/www.iacet.org\/\" target=\"_blank\" rel=\"noopener\"><img decoding=\"async\" class=\"size-full wp-image-965 aligncenter\" src=\"https:\/\/ciapr.org\/wp-content\/uploads\/2024\/10\/IACET-LOGO.jpg\" alt=\"\" width=\"237\" height=\"148\" \/><\/a><\/p>\n<h5 style=\"text-align: center\"><a href=\"https:\/\/www.iacet.org\/\" target=\"_blank\" rel=\"noopener\">International Accreditors for Continuing Education and Training<\/a><\/h5>\n<p>\n[\/vc_column_text][\/vc_column][vc_column width=&#8221;1\/3&#8243;][vc_column_text css=&#8221;&#8221; el_class=&#8221;svg style-svg icon-boxes&#8221;]<a href=\"http:\/\/sipr.ciapr.org\/\" target=\"_blank\" rel=\"noopener\"><img decoding=\"async\" class=\" wp-image-963 aligncenter\" src=\"https:\/\/ciapr.org\/wp-content\/uploads\/2024\/10\/logo_sipr-1-264x300.png\" alt=\"\" width=\"150\" height=\"170\" \/><\/a><\/p>\n<h5 style=\"text-align: center\"><a href=\"http:\/\/sipr.ciapr.org\/\" target=\"_blank\" rel=\"noopener\">Sociedad de Ingenieros de Puerto Rico<\/a><\/h5>\n<p>\n[\/vc_column_text][\/vc_column][vc_column width=&#8221;1\/3&#8243;][vc_column_text css=&#8221;&#8221; el_class=&#8221;svg style-svg icon-boxes&#8221;]<img decoding=\"async\" class=\"wp-image-962 aligncenter\" src=\"https:\/\/ciapr.org\/wp-content\/uploads\/2024\/10\/asocingmec_logo.jpg\" alt=\"\" width=\"155\" height=\"159\" \/><\/p>\n<h5 style=\"text-align: center\">Asociaci\u00f3n de Ingenieros Mec\u00e1nicos<\/h5>\n<p>\n[\/vc_column_text][\/vc_column][vc_column width=&#8221;1\/3&#8243;][vc_column_text css=&#8221;&#8221; el_class=&#8221;svg style-svg icon-boxes&#8221;]<a href=\"https:\/\/www.agcpr.com\/\" target=\"_blank\" rel=\"noopener\"><img loading=\"lazy\" decoding=\"async\" class=\"size-full wp-image-961 aligncenter\" src=\"https:\/\/ciapr.org\/wp-content\/uploads\/2024\/10\/agclogo.png\" alt=\"\" width=\"130\" height=\"126\" \/><\/a><\/p>\n<h5 style=\"text-align: center\"><a href=\"https:\/\/www.agcpr.com\/\" target=\"_blank\" rel=\"noopener\">Asociaci\u00f3n de Contratistas Generales<\/a><\/h5>\n<p>\n[\/vc_column_text][\/vc_column][vc_column width=&#8221;1\/3&#8243;][vc_column_text css=&#8221;&#8221; el_class=&#8221;svg style-svg icon-boxes&#8221;]<img loading=\"lazy\" decoding=\"async\" class=\" wp-image-2395 aligncenter\" src=\"https:\/\/www.ciapr.org\/wp-content\/uploads\/2024\/11\/CCPR-logo-1-300x300.png\" alt=\"\" width=\"131\" height=\"131\" \/><\/p>\n<h5 style=\"text-align: center\"><a href=\"https:\/\/camarapr.org\/\" target=\"_blank\" rel=\"noopener\">C\u00e1mara de Comercio de Puerto Rico<\/a><\/h5>\n<p>\n[\/vc_column_text][\/vc_column][vc_column width=&#8221;1\/3&#8243;][vc_column_text css=&#8221;&#8221; el_class=&#8221;svg style-svg icon-boxes&#8221;]<a href=\"https:\/\/www.coopciapr.com\/\" target=\"_blank\" rel=\"noopener\"><img loading=\"lazy\" decoding=\"async\" class=\" wp-image-959 aligncenter\" src=\"https:\/\/ciapr.org\/wp-content\/uploads\/2024\/10\/logo_nuevo_coop-252x300.png\" alt=\"\" width=\"110\" height=\"131\" \/><\/a><\/p>\n<h5 style=\"text-align: center\"><a href=\"https:\/\/www.coopciapr.com\/\" target=\"_blank\" rel=\"noopener\">Cooperativa de Ahorro y Cr\u00e9dito CIAPR<\/a><\/h5>\n<p>\n[\/vc_column_text][\/vc_column][vc_column width=&#8221;1\/3&#8243;][vc_column_text css=&#8221;&#8221; el_class=&#8221;svg style-svg icon-boxes&#8221;]<img loading=\"lazy\" decoding=\"async\" class=\"size-full wp-image-958 aligncenter\" src=\"https:\/\/ciapr.org\/wp-content\/uploads\/2024\/10\/Aidis.png\" alt=\"\" width=\"196\" height=\"130\" \/><\/p>\n<h5 style=\"text-align: center\">AIDIS PR<\/h5>\n<p>\n[\/vc_column_text][\/vc_column][vc_column width=&#8221;1\/3&#8243;][vc_column_text css=&#8221;&#8221; el_class=&#8221;svg style-svg icon-boxes&#8221;]<a href=\"https:\/\/prltap.org\/eng\/\" target=\"_blank\" rel=\"noopener\"><img loading=\"lazy\" decoding=\"async\" class=\"size-full wp-image-957 aligncenter\" src=\"https:\/\/ciapr.org\/wp-content\/uploads\/2024\/10\/PR_Transp_Cent_Tech.png\" alt=\"\" width=\"235\" height=\"72\" \/><\/a><\/p>\n<h5 style=\"text-align: center\"><a href=\"https:\/\/prltap.org\/eng\/\" target=\"_blank\" rel=\"noopener\">Puerto Rico Transportation Technology Transfer Center<\/a><\/h5>\n<p>\n[\/vc_column_text][\/vc_column][\/vc_row][\/vc_section]\n<\/div>","protected":false},"excerpt":{"rendered":"<p>[vc_section full_width=&#8221;stretch_row&#8221; css=&#8221;.vc_custom_1730227683399{padding-bottom: 40px !important;}&#8221;][vc_row full_width=&#8221;stretch_row&#8221; equal_height=&#8221;yes&#8221; el_class=&#8221;icon-boxes-row asoc-rel&#8221;][vc_column width=&#8221;1\/3&#8243;][vc_column_text css=&#8221;&#8221; el_class=&#8221;svg style-svg icon-boxes&#8221;] International Accreditors for Continuing Education and [&hellip;]<\/p>\n","protected":false},"author":1,"featured_media":0,"parent":7621,"menu_order":0,"comment_status":"closed","ping_status":"closed","template":"","meta":{"_acf_changed":false,"inline_featured_image":false,"om_disable_all_campaigns":false,"_monsterinsights_skip_tracking":false,"_monsterinsights_sitenote_active":false,"_monsterinsights_sitenote_note":"","_monsterinsights_sitenote_category":0,"_uf_show_specific_survey":0,"_uf_disable_surveys":false,"site-sidebar-layout":"default","site-content-layout":"plain-container","ast-site-content-layout":"default","site-content-style":"default","site-sidebar-style":"default","ast-global-header-display":"","ast-banner-title-visibility":"","ast-main-header-display":"","ast-hfb-above-header-display":"","ast-hfb-below-header-display":"","ast-hfb-mobile-header-display":"","site-post-title":"","ast-breadcrumbs-content":"","ast-featured-img":"","footer-sml-layout":"","ast-disable-related-posts":"","theme-transparent-header-meta":"default","adv-header-id-meta":"","stick-header-meta":"default","header-above-stick-meta":"","header-main-stick-meta":"","header-below-stick-meta":"","astra-migrate-meta-layouts":"default","ast-page-background-enabled":"default","ast-page-background-meta":{"desktop":{"background-color":"var(--ast-global-color-4)","background-image":"","background-repeat":"repeat","background-position":"center center","background-size":"auto","background-attachment":"scroll","background-type":"","background-media":"","overlay-type":"","overlay-color":"","overlay-opacity":"","overlay-gradient":""},"tablet":{"background-color":"","background-image":"","background-repeat":"repeat","background-position":"center center","background-size":"auto","background-attachment":"scroll","background-type":"","background-media":"","overlay-type":"","overlay-color":"","overlay-opacity":"","overlay-gradient":""},"mobile":{"background-color":"","background-image":"","background-repeat":"repeat","background-position":"center center","background-size":"auto","background-attachment":"scroll","background-type":"","background-media":"","overlay-type":"","overlay-color":"","overlay-opacity":"","overlay-gradient":""}},"ast-content-background-meta":{"desktop":{"background-color":"var(--ast-global-color-5)","background-image":"","background-repeat":"repeat","background-position":"center center","background-size":"auto","background-attachment":"scroll","background-type":"","background-media":"","overlay-type":"","overlay-color":"","overlay-opacity":"","overlay-gradient":""},"tablet":{"background-color":"var(--ast-global-color-5)","background-image":"","background-repeat":"repeat","background-position":"center center","background-size":"auto","background-attachment":"scroll","background-type":"","background-media":"","overlay-type":"","overlay-color":"","overlay-opacity":"","overlay-gradient":""},"mobile":{"background-color":"var(--ast-global-color-5)","background-image":"","background-repeat":"repeat","background-position":"center center","background-size":"auto","background-attachment":"scroll","background-type":"","background-media":"","overlay-type":"","overlay-color":"","overlay-opacity":"","overlay-gradient":""}},"footnotes":""},"class_list":["post-7746","page","type-page","status-publish","hentry"],"acf":[],"yoast_head":"<!-- This site is optimized with the Yoast SEO Premium plugin v27.4 (Yoast SEO v27.4) - https:\/\/yoast.com\/product\/yoast-seo-premium-wordpress\/ -->\n<title>Related Associations - CIAPR<\/title>\n<meta name=\"description\" content=\"International Accreditors for Continuing Education and Training Sociedad de Ingenieros de Puerto Rico Asociaci\u00f3n de Ingenieros Mec\u00e1nicos Asociaci\u00f3n de Contratistas Generales C\u00e1mara de Comercio de Puerto Rico Cooperativa de Ahorro y Cr\u00e9dito CIAPR AIDIS PR Puerto Rico Transportation Technology Transfer Center\" \/>\n<meta name=\"robots\" content=\"index, follow, max-snippet:-1, max-image-preview:large, max-video-preview:-1\" \/>\n<link rel=\"canonical\" href=\"https:\/\/www.ciapr.org\/en\/el-colegio\/related-associations\/\" \/>\n<meta property=\"og:locale\" content=\"en_US\" \/>\n<meta property=\"og:type\" content=\"article\" \/>\n<meta property=\"og:title\" content=\"Related Associations\" \/>\n<meta property=\"og:description\" content=\"International Accreditors for Continuing Education and Training Sociedad de Ingenieros de Puerto Rico Asociaci\u00f3n de Ingenieros Mec\u00e1nicos Asociaci\u00f3n de Contratistas Generales C\u00e1mara de Comercio de Puerto Rico Cooperativa de Ahorro y Cr\u00e9dito CIAPR AIDIS PR Puerto Rico Transportation Technology Transfer Center\" \/>\n<meta property=\"og:url\" content=\"https:\/\/www.ciapr.org\/en\/el-colegio\/related-associations\/\" \/>\n<meta property=\"og:site_name\" content=\"CIAPR\" \/>\n<meta property=\"article:modified_time\" content=\"2025-04-28T23:28:05+00:00\" \/>\n<meta property=\"og:image\" content=\"https:\/\/ciapr.org\/wp-content\/uploads\/2024\/10\/IACET-LOGO.jpg\" \/>\n<meta name=\"twitter:card\" content=\"summary_large_image\" \/>\n<meta name=\"twitter:label1\" content=\"Est. reading time\" \/>\n\t<meta name=\"twitter:data1\" content=\"1 minute\" \/>\n<script type=\"application\/ld+json\" class=\"yoast-schema-graph\">{\"@context\":\"https:\\\/\\\/schema.org\",\"@graph\":[{\"@type\":\"WebPage\",\"@id\":\"https:\\\/\\\/www.ciapr.org\\\/en\\\/el-colegio\\\/related-associations\\\/\",\"url\":\"https:\\\/\\\/www.ciapr.org\\\/en\\\/el-colegio\\\/related-associations\\\/\",\"name\":\"Related Associations - CIAPR\",\"isPartOf\":{\"@id\":\"https:\\\/\\\/www.ciapr.org\\\/en\\\/#website\"},\"primaryImageOfPage\":{\"@id\":\"https:\\\/\\\/www.ciapr.org\\\/en\\\/el-colegio\\\/related-associations\\\/#primaryimage\"},\"image\":{\"@id\":\"https:\\\/\\\/www.ciapr.org\\\/en\\\/el-colegio\\\/related-associations\\\/#primaryimage\"},\"thumbnailUrl\":\"https:\\\/\\\/ciapr.org\\\/wp-content\\\/uploads\\\/2024\\\/10\\\/IACET-LOGO.jpg\",\"datePublished\":\"2024-10-27T17:13:40+00:00\",\"dateModified\":\"2025-04-28T23:28:05+00:00\",\"description\":\"International Accreditors for Continuing Education and Training Sociedad de Ingenieros de Puerto Rico Asociaci\u00f3n de Ingenieros Mec\u00e1nicos Asociaci\u00f3n de Contratistas Generales C\u00e1mara de Comercio de Puerto Rico Cooperativa de Ahorro y Cr\u00e9dito CIAPR AIDIS PR Puerto Rico Transportation Technology Transfer Center\",\"breadcrumb\":{\"@id\":\"https:\\\/\\\/www.ciapr.org\\\/en\\\/el-colegio\\\/related-associations\\\/#breadcrumb\"},\"inLanguage\":\"en-US\",\"potentialAction\":[{\"@type\":\"ReadAction\",\"target\":[\"https:\\\/\\\/www.ciapr.org\\\/en\\\/el-colegio\\\/related-associations\\\/\"]}]},{\"@type\":\"ImageObject\",\"inLanguage\":\"en-US\",\"@id\":\"https:\\\/\\\/www.ciapr.org\\\/en\\\/el-colegio\\\/related-associations\\\/#primaryimage\",\"url\":\"https:\\\/\\\/ciapr.org\\\/wp-content\\\/uploads\\\/2024\\\/10\\\/IACET-LOGO.jpg\",\"contentUrl\":\"https:\\\/\\\/ciapr.org\\\/wp-content\\\/uploads\\\/2024\\\/10\\\/IACET-LOGO.jpg\"},{\"@type\":\"BreadcrumbList\",\"@id\":\"https:\\\/\\\/www.ciapr.org\\\/en\\\/el-colegio\\\/related-associations\\\/#breadcrumb\",\"itemListElement\":[{\"@type\":\"ListItem\",\"position\":1,\"name\":\"Home\",\"item\":\"https:\\\/\\\/www.ciapr.org\\\/en\"},{\"@type\":\"ListItem\",\"position\":2,\"name\":\"El Colegio\",\"item\":\"https:\\\/\\\/www.ciapr.org\\\/en\\\/el-colegio\\\/\"},{\"@type\":\"ListItem\",\"position\":3,\"name\":\"Related Associations\"}]},{\"@type\":\"WebSite\",\"@id\":\"https:\\\/\\\/www.ciapr.org\\\/en\\\/#website\",\"url\":\"https:\\\/\\\/www.ciapr.org\\\/en\\\/\",\"name\":\"CIAPR\",\"description\":\"Colegio de Ingenieros y Agrimensores de Puerto Rico\",\"publisher\":{\"@id\":\"https:\\\/\\\/www.ciapr.org\\\/en\\\/#organization\"},\"potentialAction\":[{\"@type\":\"SearchAction\",\"target\":{\"@type\":\"EntryPoint\",\"urlTemplate\":\"https:\\\/\\\/www.ciapr.org\\\/en\\\/?s={search_term_string}\"},\"query-input\":{\"@type\":\"PropertyValueSpecification\",\"valueRequired\":true,\"valueName\":\"search_term_string\"}}],\"inLanguage\":\"en-US\"},{\"@type\":\"Organization\",\"@id\":\"https:\\\/\\\/www.ciapr.org\\\/en\\\/#organization\",\"name\":\"CIAPR\",\"url\":\"https:\\\/\\\/www.ciapr.org\\\/en\\\/\",\"logo\":{\"@type\":\"ImageObject\",\"inLanguage\":\"en-US\",\"@id\":\"https:\\\/\\\/www.ciapr.org\\\/en\\\/#\\\/schema\\\/logo\\\/image\\\/\",\"url\":\"https:\\\/\\\/www.ciapr.org\\\/wp-content\\\/uploads\\\/2024\\\/10\\\/logo-ciapr-header-1.png\",\"contentUrl\":\"https:\\\/\\\/www.ciapr.org\\\/wp-content\\\/uploads\\\/2024\\\/10\\\/logo-ciapr-header-1.png\",\"width\":375,\"height\":95,\"caption\":\"CIAPR\"},\"image\":{\"@id\":\"https:\\\/\\\/www.ciapr.org\\\/en\\\/#\\\/schema\\\/logo\\\/image\\\/\"}}]}<\/script>\n<!-- \/ Yoast SEO Premium plugin. -->","yoast_head_json":{"title":"Related Associations - CIAPR","description":"International Accreditors for Continuing Education and Training Sociedad de Ingenieros de Puerto Rico Asociaci\u00f3n de Ingenieros Mec\u00e1nicos Asociaci\u00f3n de Contratistas Generales C\u00e1mara de Comercio de Puerto Rico Cooperativa de Ahorro y Cr\u00e9dito CIAPR AIDIS PR Puerto Rico Transportation Technology Transfer Center","robots":{"index":"index","follow":"follow","max-snippet":"max-snippet:-1","max-image-preview":"max-image-preview:large","max-video-preview":"max-video-preview:-1"},"canonical":"https:\/\/www.ciapr.org\/en\/el-colegio\/related-associations\/","og_locale":"en_US","og_type":"article","og_title":"Related Associations","og_description":"International Accreditors for Continuing Education and Training Sociedad de Ingenieros de Puerto Rico Asociaci\u00f3n de Ingenieros Mec\u00e1nicos Asociaci\u00f3n de Contratistas Generales C\u00e1mara de Comercio de Puerto Rico Cooperativa de Ahorro y Cr\u00e9dito CIAPR AIDIS PR Puerto Rico Transportation Technology Transfer Center","og_url":"https:\/\/www.ciapr.org\/en\/el-colegio\/related-associations\/","og_site_name":"CIAPR","article_modified_time":"2025-04-28T23:28:05+00:00","og_image":[{"url":"https:\/\/ciapr.org\/wp-content\/uploads\/2024\/10\/IACET-LOGO.jpg","type":"","width":"","height":""}],"twitter_card":"summary_large_image","twitter_misc":{"Est. reading time":"1 minute"},"schema":{"@context":"https:\/\/schema.org","@graph":[{"@type":"WebPage","@id":"https:\/\/www.ciapr.org\/en\/el-colegio\/related-associations\/","url":"https:\/\/www.ciapr.org\/en\/el-colegio\/related-associations\/","name":"Related Associations - CIAPR","isPartOf":{"@id":"https:\/\/www.ciapr.org\/en\/#website"},"primaryImageOfPage":{"@id":"https:\/\/www.ciapr.org\/en\/el-colegio\/related-associations\/#primaryimage"},"image":{"@id":"https:\/\/www.ciapr.org\/en\/el-colegio\/related-associations\/#primaryimage"},"thumbnailUrl":"https:\/\/ciapr.org\/wp-content\/uploads\/2024\/10\/IACET-LOGO.jpg","datePublished":"2024-10-27T17:13:40+00:00","dateModified":"2025-04-28T23:28:05+00:00","description":"International Accreditors for Continuing Education and Training Sociedad de Ingenieros de Puerto Rico Asociaci\u00f3n de Ingenieros Mec\u00e1nicos Asociaci\u00f3n de Contratistas Generales C\u00e1mara de Comercio de Puerto Rico Cooperativa de Ahorro y Cr\u00e9dito CIAPR AIDIS PR Puerto Rico Transportation Technology Transfer Center","breadcrumb":{"@id":"https:\/\/www.ciapr.org\/en\/el-colegio\/related-associations\/#breadcrumb"},"inLanguage":"en-US","potentialAction":[{"@type":"ReadAction","target":["https:\/\/www.ciapr.org\/en\/el-colegio\/related-associations\/"]}]},{"@type":"ImageObject","inLanguage":"en-US","@id":"https:\/\/www.ciapr.org\/en\/el-colegio\/related-associations\/#primaryimage","url":"https:\/\/ciapr.org\/wp-content\/uploads\/2024\/10\/IACET-LOGO.jpg","contentUrl":"https:\/\/ciapr.org\/wp-content\/uploads\/2024\/10\/IACET-LOGO.jpg"},{"@type":"BreadcrumbList","@id":"https:\/\/www.ciapr.org\/en\/el-colegio\/related-associations\/#breadcrumb","itemListElement":[{"@type":"ListItem","position":1,"name":"Home","item":"https:\/\/www.ciapr.org\/en"},{"@type":"ListItem","position":2,"name":"El Colegio","item":"https:\/\/www.ciapr.org\/en\/el-colegio\/"},{"@type":"ListItem","position":3,"name":"Related Associations"}]},{"@type":"WebSite","@id":"https:\/\/www.ciapr.org\/en\/#website","url":"https:\/\/www.ciapr.org\/en\/","name":"CIAPR","description":"Colegio de Ingenieros y Agrimensores de Puerto Rico","publisher":{"@id":"https:\/\/www.ciapr.org\/en\/#organization"},"potentialAction":[{"@type":"SearchAction","target":{"@type":"EntryPoint","urlTemplate":"https:\/\/www.ciapr.org\/en\/?s={search_term_string}"},"query-input":{"@type":"PropertyValueSpecification","valueRequired":true,"valueName":"search_term_string"}}],"inLanguage":"en-US"},{"@type":"Organization","@id":"https:\/\/www.ciapr.org\/en\/#organization","name":"CIAPR","url":"https:\/\/www.ciapr.org\/en\/","logo":{"@type":"ImageObject","inLanguage":"en-US","@id":"https:\/\/www.ciapr.org\/en\/#\/schema\/logo\/image\/","url":"https:\/\/www.ciapr.org\/wp-content\/uploads\/2024\/10\/logo-ciapr-header-1.png","contentUrl":"https:\/\/www.ciapr.org\/wp-content\/uploads\/2024\/10\/logo-ciapr-header-1.png","width":375,"height":95,"caption":"CIAPR"},"image":{"@id":"https:\/\/www.ciapr.org\/en\/#\/schema\/logo\/image\/"}}]}},"_links":{"self":[{"href":"https:\/\/www.ciapr.org\/en\/wp-json\/wp\/v2\/pages\/7746","targetHints":{"allow":["GET"]}}],"collection":[{"href":"https:\/\/www.ciapr.org\/en\/wp-json\/wp\/v2\/pages"}],"about":[{"href":"https:\/\/www.ciapr.org\/en\/wp-json\/wp\/v2\/types\/page"}],"author":[{"embeddable":true,"href":"https:\/\/www.ciapr.org\/en\/wp-json\/wp\/v2\/users\/1"}],"replies":[{"embeddable":true,"href":"https:\/\/www.ciapr.org\/en\/wp-json\/wp\/v2\/comments?post=7746"}],"version-history":[{"count":0,"href":"https:\/\/www.ciapr.org\/en\/wp-json\/wp\/v2\/pages\/7746\/revisions"}],"up":[{"embeddable":true,"href":"https:\/\/www.ciapr.org\/en\/wp-json\/wp\/v2\/pages\/7621"}],"wp:attachment":[{"href":"https:\/\/www.ciapr.org\/en\/wp-json\/wp\/v2\/media?parent=7746"}],"curies":[{"name":"wp","href":"https:\/\/api.w.org\/{rel}","templated":true}]}}